{"id":5853,"date":"2024-08-29T22:24:51","date_gmt":"2024-08-29T20:24:51","guid":{"rendered":"https:\/\/www.italiadirect.net\/bedingungen-konditionen\/"},"modified":"2026-03-07T22:43:42","modified_gmt":"2026-03-07T21:43:42","slug":"agb","status":"publish","type":"page","link":"https:\/\/www.italiadirect.net\/de\/agb\/","title":{"rendered":"AGB"},"content":{"rendered":"\t\t<div data-elementor-type=\"wp-page\" data-elementor-id=\"5853\" class=\"elementor elementor-5853 elementor-4593\">\n\t\t\t\t\t\t\t<div class=\" elementor-element elementor-element-fe7f13c e-flex e-con-boxed e-con e-parent\" data-id=\"fe7f13c\" data-element_type=\"container\" data-e-type=\"container\">\r\n\t\t\t\t\t\t\t<div class=\"e-con-inner\">\r\n\t\t\t\t\t\t\t<div class=\" elementor-element elementor-element-9454bcd e-con-full e-flex e-con e-child\" data-id=\"9454bcd\" data-element_type=\"container\" data-e-type=\"container\" data-settings=\"{&quot;background_background&quot;:&quot;classic&quot;}\">\r\n\t\t\t\t\t<div class=\"elementor-element elementor-element-c5d6761 elementor-widget elementor-widget-heading\" data-id=\"c5d6761\" data-element_type=\"widget\" data-e-type=\"widget\" data-widget_type=\"heading.default\">\n\t\t\t\t\t<h1 class=\"elementor-heading-title elementor-size-default\">Bedingungen &amp; Konditionen<\/h1>\t\t\t\t<\/div>\n\t\t\r\n\t\t\t<\/div>\r\n\t\t\t\t\t<div class=\"elementor-element elementor-element-50af1d0 elementor-widget elementor-widget-text-editor\" data-id=\"50af1d0\" data-element_type=\"widget\" data-e-type=\"widget\" data-widget_type=\"text-editor.default\">\n\t\t\t\t\t\t\t\t\t<p><strong>1. Einleitung<\/strong><\/p><p style=\"padding-left: 40px;\">Willkommen bei ItaliaDirect, einem Paketweiterleitungsservice, der kroatische K\u00e4ufer mit italienischen Einzelh\u00e4ndlern verbindet. Durch die Nutzung unserer Website und Dienste erkl\u00e4rst du dich mit diesen Allgemeinen Gesch\u00e4ftsbedingungen einverstanden. <\/p><p><strong>2. Leistungsbeschreibung<\/strong><\/p><p style=\"padding-left: 40px;\">ItaliaDirect bietet:<\/p><ul><li style=\"list-style-type: none;\"><ul><li>Eine pers\u00f6nliche italienische Adresse f\u00fcr deine Eink\u00e4ufe<\/li><li>Paketannahme und Lagerung<\/li><li>Weiterleitungsdienste von Italien nach Kroatien<\/li><li>Paketverfolgung und Zustellung<\/li><\/ul><\/li><\/ul><p><strong>3. Kontoregistrierung<\/strong><\/p><p style=\"padding-left: 40px;\">Bei der Registrierung musst du:<\/p><ul><li style=\"list-style-type: none;\"><ul><li>Genaue und vollst\u00e4ndige Informationen angeben<\/li><li>Deine Informationen auf dem neuesten Stand halten<\/li><li>Die Sicherheit deines Kontos gew\u00e4hrleisten<\/li><li>F\u00fcr alle Aktivit\u00e4ten unter deinem Konto verantwortlich sein<\/li><\/ul><\/li><\/ul><p><strong>4. Ablauf der Paketweiterleitung<\/strong><\/p><ul><li style=\"list-style-type: none;\"><ul><li>Registriere dich und erhalte deine italienische Adresse<\/li><li>Kaufe bei italienischen H\u00e4ndlern unter Verwendung deiner italienischen Adresse ein<\/li><li>Erwirb einen Weiterleitungsservice, bevor dein Paket ankommt<\/li><li>Wir nehmen dein Paket entgegen, bearbeiten es und leiten es nach Kroatien weiter<\/li><\/ul><\/li><\/ul><p><strong>5. Abholung an der italienischen Adresse<\/strong><\/p><p style=\"padding-left: 40px;\">Kunden k\u00f6nnen ihre Pakete pers\u00f6nlich an unserer italienischen Lageradresse abholen. Wenn du diese Option w\u00e4hlst, erkl\u00e4rst du dich damit einverstanden: <\/p><ul><li style=\"list-style-type: none;\"><ul><li>Dein Paket innerhalb von 5 Werktagen nach Erhalt unserer Benachrichtigungs-E-Mail \u201eAbholbereit\u201c abzuholen<\/li><li>Bei der Abholung deinen Kundencode zur Identifizierung vorzulegen<\/li><li>Falls du dein Paket nicht innerhalb von 5 Werktagen abholst, behalten wir uns das Recht vor, es automatisch an deine kroatische Standard-Lieferadresse weiterzuleiten, um Lagergeb\u00fchren zu vermeiden<\/li><li>Es fallen Lagergeb\u00fchren von 9 \u20ac pro Tag an, wenn du eine Verl\u00e4ngerung des Abholzeitraums \u00fcber 5 Tage hinaus beantragst<\/li><\/ul><\/li><\/ul><p><strong>6. Paketgr\u00f6\u00dfenbeschr\u00e4nkungen und Preise<\/strong><\/p><p style=\"padding-left: 40px;\">Wir bieten drei Weiterleitungsoptionen an:<\/p><ul><li style=\"list-style-type: none;\"><ul><li>Klein: Bis zu 2 kg<\/li><li>Mittel: 2\u20135 kg<\/li><li>Gro\u00df: 5\u201310 kg<\/li><\/ul><\/li><\/ul><p style=\"padding-left: 40px;\">Alle Preise beinhalten Annahme, Lagerung und Weiterleitung nach Kroatien.<\/p><p><strong>7. Zahlungsbedingungen<\/strong><\/p><ul><li style=\"list-style-type: none;\"><ul><li>Die Zahlung ist vor der Paketweiterleitung erforderlich<\/li><li>Wir akzeptieren Kreditkarten, PayPal und Bank\u00fcberweisungen<\/li><li>Alle Preise sind in Euro angegeben<\/li><li>Keine monatlichen Geb\u00fchren \u2013 zahle nur, wenn du versendest<\/li><\/ul><\/li><\/ul><p><strong>8. Paketbearbeitung<\/strong><\/p><p style=\"padding-left: 40px;\">Wir lagern Pakete bis zu 30 Tage lang.<br>Wenn innerhalb von 7 Tagen nach Paketeingang kein Weiterleitungsservice erworben wird, berechnen wir eine t\u00e4gliche Lagergeb\u00fchr von 9 \u20ac.<br>Pakete, die nach 30 Tagen nicht abgeholt wurden, k\u00f6nnen ohne Haftung entsorgt werden.<\/p><p><strong>9. Lieferadresse<\/strong><\/p><ul><li style=\"list-style-type: none;\"><ul><li>Du musst eine korrekte kroatische Lieferadresse angeben<\/li><li>Wir sind nicht verantwortlich f\u00fcr Verz\u00f6gerungen oder Probleme, die durch falsche Adressen verursacht werden<\/li><li>Du kannst deine Adresse in deinen Kontoeinstellungen aktualisieren<\/li><\/ul><\/li><\/ul><p><strong>10. Versand und Zustellung<\/strong><\/p><ul><li style=\"list-style-type: none;\"><ul><li>Wir versenden Pakete jeden Dienstag und Freitag<\/li><li>Die Zustellung nach Kroatien dauert in der Regel 3 Werktage<\/li><li>Entlegene Gebiete k\u00f6nnen zus\u00e4tzliche Zeit in Anspruch nehmen<\/li><li>F\u00fcr alle Pakete wird eine vollst\u00e4ndige Sendungsverfolgung angeboten<\/li><\/ul><\/li><\/ul><p><strong>11. Verbotene Gegenst\u00e4nde<\/strong><\/p><p style=\"padding-left: 40px;\">Wir leiten Folgendes nicht weiter:<\/p><ul><li style=\"list-style-type: none;\"><ul><li>Illegale Gegenst\u00e4nde oder Substanzen<\/li><li>Waffen oder Munition<\/li><li>Verderbliche Waren<\/li><li>Gefahrstoffe<\/li><li>Gegenst\u00e4nde, die eine Sondergenehmigung erfordern<\/li><li>Gef\u00e4lschte Waren<\/li><\/ul><\/li><\/ul><p><strong>12. Haftungsbeschr\u00e4nkungen<\/strong><\/p><p style=\"padding-left: 40px;\">ItaliaDirect haftet nicht f\u00fcr:<\/p><ul><li style=\"list-style-type: none;\"><ul><li>Paketsch\u00e4den w\u00e4hrend des Transports<\/li><li>Verz\u00f6gerungen durch Versandunternehmen<\/li><li>Von dir bereitgestellte falsche Informationen<\/li><li>Folgesch\u00e4den jeglicher Art<\/li><\/ul><\/li><\/ul><p><strong>13. Geistiges Eigentum<\/strong><\/p><p style=\"padding-left: 40px;\">Alle Inhalte auf unserer Website sind Eigentum von ItaliaDirect und durch Urheberrechtsgesetze gesch\u00fctzt. Du darfst unsere Inhalte nicht ohne Erlaubnis vervielf\u00e4ltigen, verbreiten oder ver\u00e4ndern. <\/p><p><strong>14. Datenschutz<\/strong><\/p><p style=\"padding-left: 40px;\">Dein Datenschutz ist uns wichtig. Bitte lies unsere Datenschutzerkl\u00e4rung f\u00fcr Details dar\u00fcber, wie wir deine Informationen sammeln, verwenden und sch\u00fctzen. <\/p><p><strong>15. Streitbeilegung<\/strong><\/p><p style=\"padding-left: 40px;\">Alle Streitigkeiten unterliegen kroatischem Recht und werden durch ein verbindliches Schiedsverfahren in Kroatien beigelegt.<\/p><p><strong>16. \u00c4nderungen<\/strong><\/p><p style=\"padding-left: 40px;\">Wir behalten uns das Recht vor, diese Bedingungen jederzeit zu \u00e4ndern. Deine fortgesetzte Nutzung unserer Dienste gilt als Zustimmung zu etwaigen \u00c4nderungen. <\/p>\t\t\t\t\t\t\t\t<\/div>\n\t\t\t\t\t\t<\/div>\r\n\t\t\t\t\r\n\t\t\t<\/div>\r\n\t\t\t\t\t<\/div>\n\t\t","protected":false},"excerpt":{"rendered":"<p>Bedingungen &amp; Konditionen 1. Einleitung Willkommen bei ItaliaDirect, einem Paketweiterleitungsservice, der kroatische K\u00e4ufer mit italienischen Einzelh\u00e4ndlern verbindet. Durch die Nutzung unserer Website und Dienste erkl\u00e4rst du dich mit diesen Allgemeinen Gesch\u00e4ftsbedingungen einverstanden. 2. Leistungsbeschreibung ItaliaDirect bietet: Eine pers\u00f6nliche italienische Adresse f\u00fcr deine Eink\u00e4ufe Paketannahme und Lagerung Weiterleitungsdienste von Italien nach Kroatien Paketverfolgung und Zustellung 3. [&hellip;]<\/p>\n","protected":false},"author":2,"featured_media":0,"parent":0,"menu_order":0,"comment_status":"closed","ping_status":"closed","template":"","meta":{"_acf_changed":false,"footnotes":""},"class_list":["post-5853","page","type-page","status-publish","hentry"],"acf":[],"yoast_head":"<!-- This site is optimized with the Yoast SEO plugin v27.2 - https:\/\/yoast.com\/product\/yoast-seo-wordpress\/ -->\n<title>AGB | Italia Direct<\/title>\n<meta name=\"description\" content=\"Lesen Sie die AGB von ItaliaDirect. Regeln f\u00fcr die Nutzung unseres Paketforwarding-Services.\" \/>\n<meta name=\"robots\" content=\"index, follow, max-snippet:-1, max-image-preview:large, max-video-preview:-1\" \/>\n<link rel=\"canonical\" href=\"https:\/\/www.italiadirect.net\/de\/agb\/\" \/>\n<meta property=\"og:locale\" content=\"de_DE\" \/>\n<meta property=\"og:type\" content=\"article\" \/>\n<meta property=\"og:title\" content=\"AGB | Italia Direct\" \/>\n<meta property=\"og:description\" content=\"Lesen Sie die AGB von ItaliaDirect. Regeln f\u00fcr die Nutzung unseres Paketforwarding-Services.\" \/>\n<meta property=\"og:url\" content=\"https:\/\/www.italiadirect.net\/de\/agb\/\" \/>\n<meta property=\"og:site_name\" content=\"Italia Direct\" \/>\n<meta property=\"article:modified_time\" content=\"2026-03-07T21:43:42+00:00\" \/>\n<meta name=\"twitter:card\" content=\"summary_large_image\" \/>\n<meta name=\"twitter:label1\" content=\"Gesch\u00e4tzte Lesezeit\" \/>\n\t<meta name=\"twitter:data1\" content=\"3\u00a0Minuten\" \/>\n<script type=\"application\/ld+json\" class=\"yoast-schema-graph\">{\"@context\":\"https:\/\/schema.org\",\"@graph\":[{\"@type\":\"WebPage\",\"@id\":\"https:\/\/www.italiadirect.net\/de\/agb\/\",\"url\":\"https:\/\/www.italiadirect.net\/de\/agb\/\",\"name\":\"AGB | Italia Direct\",\"isPartOf\":{\"@id\":\"https:\/\/www.italiadirect.net\/de\/#website\"},\"datePublished\":\"2024-08-29T20:24:51+00:00\",\"dateModified\":\"2026-03-07T21:43:42+00:00\",\"description\":\"Lesen Sie die AGB von ItaliaDirect. Regeln f\u00fcr die Nutzung unseres Paketforwarding-Services.\",\"breadcrumb\":{\"@id\":\"https:\/\/www.italiadirect.net\/de\/agb\/#breadcrumb\"},\"inLanguage\":\"de\",\"potentialAction\":[{\"@type\":\"ReadAction\",\"target\":[\"https:\/\/www.italiadirect.net\/de\/agb\/\"]}]},{\"@type\":\"BreadcrumbList\",\"@id\":\"https:\/\/www.italiadirect.net\/de\/agb\/#breadcrumb\",\"itemListElement\":[{\"@type\":\"ListItem\",\"position\":1,\"name\":\"Home\",\"item\":\"https:\/\/www.italiadirect.net\/de\/startseite\/\"},{\"@type\":\"ListItem\",\"position\":2,\"name\":\"AGB\"}]},{\"@type\":\"WebSite\",\"@id\":\"https:\/\/www.italiadirect.net\/de\/#website\",\"url\":\"https:\/\/www.italiadirect.net\/de\/\",\"name\":\"ItaliaDirect\",\"description\":\"Ihr direkter Paketforwarder von Italien nach Kroatien\",\"publisher\":{\"@id\":\"https:\/\/www.italiadirect.net\/de\/#organization\"},\"potentialAction\":[{\"@type\":\"SearchAction\",\"target\":{\"@type\":\"EntryPoint\",\"urlTemplate\":\"https:\/\/www.italiadirect.net\/de\/?s={search_term_string}\"},\"query-input\":{\"@type\":\"PropertyValueSpecification\",\"valueRequired\":true,\"valueName\":\"search_term_string\"}}],\"inLanguage\":\"de\"},{\"@type\":\"Organization\",\"@id\":\"https:\/\/www.italiadirect.net\/de\/#organization\",\"name\":\"ItaliaDirect\",\"url\":\"https:\/\/www.italiadirect.net\/de\/\",\"logo\":{\"@type\":\"ImageObject\",\"inLanguage\":\"de\",\"@id\":\"https:\/\/www.italiadirect.net\/de\/#\/schema\/logo\/image\/\",\"url\":\"https:\/\/www.italiadirect.net\/wp-content\/uploads\/2026\/02\/Italia-Direct-Main-Logo-800x600-1.jpg\",\"contentUrl\":\"https:\/\/www.italiadirect.net\/wp-content\/uploads\/2026\/02\/Italia-Direct-Main-Logo-800x600-1.jpg\",\"width\":800,\"height\":600,\"caption\":\"ItaliaDirect\"},\"image\":{\"@id\":\"https:\/\/www.italiadirect.net\/de\/#\/schema\/logo\/image\/\"},\"sameAs\":[\"https:\/\/www.instagram.com\/_italiadirect\/\"]}]}<\/script>\n<!-- \/ Yoast SEO plugin. -->","yoast_head_json":{"title":"AGB | Italia Direct","description":"Lesen Sie die AGB von ItaliaDirect. Regeln f\u00fcr die Nutzung unseres Paketforwarding-Services.","robots":{"index":"index","follow":"follow","max-snippet":"max-snippet:-1","max-image-preview":"max-image-preview:large","max-video-preview":"max-video-preview:-1"},"canonical":"https:\/\/www.italiadirect.net\/de\/agb\/","og_locale":"de_DE","og_type":"article","og_title":"AGB | Italia Direct","og_description":"Lesen Sie die AGB von ItaliaDirect. Regeln f\u00fcr die Nutzung unseres Paketforwarding-Services.","og_url":"https:\/\/www.italiadirect.net\/de\/agb\/","og_site_name":"Italia Direct","article_modified_time":"2026-03-07T21:43:42+00:00","twitter_card":"summary_large_image","twitter_misc":{"Gesch\u00e4tzte Lesezeit":"3\u00a0Minuten"},"schema":{"@context":"https:\/\/schema.org","@graph":[{"@type":"WebPage","@id":"https:\/\/www.italiadirect.net\/de\/agb\/","url":"https:\/\/www.italiadirect.net\/de\/agb\/","name":"AGB | Italia Direct","isPartOf":{"@id":"https:\/\/www.italiadirect.net\/de\/#website"},"datePublished":"2024-08-29T20:24:51+00:00","dateModified":"2026-03-07T21:43:42+00:00","description":"Lesen Sie die AGB von ItaliaDirect. Regeln f\u00fcr die Nutzung unseres Paketforwarding-Services.","breadcrumb":{"@id":"https:\/\/www.italiadirect.net\/de\/agb\/#breadcrumb"},"inLanguage":"de","potentialAction":[{"@type":"ReadAction","target":["https:\/\/www.italiadirect.net\/de\/agb\/"]}]},{"@type":"BreadcrumbList","@id":"https:\/\/www.italiadirect.net\/de\/agb\/#breadcrumb","itemListElement":[{"@type":"ListItem","position":1,"name":"Home","item":"https:\/\/www.italiadirect.net\/de\/startseite\/"},{"@type":"ListItem","position":2,"name":"AGB"}]},{"@type":"WebSite","@id":"https:\/\/www.italiadirect.net\/de\/#website","url":"https:\/\/www.italiadirect.net\/de\/","name":"ItaliaDirect","description":"Ihr direkter Paketforwarder von Italien nach Kroatien","publisher":{"@id":"https:\/\/www.italiadirect.net\/de\/#organization"},"potentialAction":[{"@type":"SearchAction","target":{"@type":"EntryPoint","urlTemplate":"https:\/\/www.italiadirect.net\/de\/?s={search_term_string}"},"query-input":{"@type":"PropertyValueSpecification","valueRequired":true,"valueName":"search_term_string"}}],"inLanguage":"de"},{"@type":"Organization","@id":"https:\/\/www.italiadirect.net\/de\/#organization","name":"ItaliaDirect","url":"https:\/\/www.italiadirect.net\/de\/","logo":{"@type":"ImageObject","inLanguage":"de","@id":"https:\/\/www.italiadirect.net\/de\/#\/schema\/logo\/image\/","url":"https:\/\/www.italiadirect.net\/wp-content\/uploads\/2026\/02\/Italia-Direct-Main-Logo-800x600-1.jpg","contentUrl":"https:\/\/www.italiadirect.net\/wp-content\/uploads\/2026\/02\/Italia-Direct-Main-Logo-800x600-1.jpg","width":800,"height":600,"caption":"ItaliaDirect"},"image":{"@id":"https:\/\/www.italiadirect.net\/de\/#\/schema\/logo\/image\/"},"sameAs":["https:\/\/www.instagram.com\/_italiadirect\/"]}]}},"_links":{"self":[{"href":"https:\/\/www.italiadirect.net\/de\/wp-json\/wp\/v2\/pages\/5853","targetHints":{"allow":["GET"]}}],"collection":[{"href":"https:\/\/www.italiadirect.net\/de\/wp-json\/wp\/v2\/pages"}],"about":[{"href":"https:\/\/www.italiadirect.net\/de\/wp-json\/wp\/v2\/types\/page"}],"author":[{"embeddable":true,"href":"https:\/\/www.italiadirect.net\/de\/wp-json\/wp\/v2\/users\/2"}],"replies":[{"embeddable":true,"href":"https:\/\/www.italiadirect.net\/de\/wp-json\/wp\/v2\/comments?post=5853"}],"version-history":[{"count":5,"href":"https:\/\/www.italiadirect.net\/de\/wp-json\/wp\/v2\/pages\/5853\/revisions"}],"predecessor-version":[{"id":9104,"href":"https:\/\/www.italiadirect.net\/de\/wp-json\/wp\/v2\/pages\/5853\/revisions\/9104"}],"wp:attachment":[{"href":"https:\/\/www.italiadirect.net\/de\/wp-json\/wp\/v2\/media?parent=5853"}],"curies":[{"name":"wp","href":"https:\/\/api.w.org\/{rel}","templated":true}]}}