{"id":5890,"date":"2021-09-26T05:40:43","date_gmt":"2021-09-26T03:40:43","guid":{"rendered":"https:\/\/www.italiadirect.net\/pisite-nam\/"},"modified":"2026-03-07T21:25:57","modified_gmt":"2026-03-07T20:25:57","slug":"pisite-nam","status":"publish","type":"page","link":"https:\/\/www.italiadirect.net\/sl\/pisite-nam\/","title":{"rendered":"Pi\u0161ite nam"},"content":{"rendered":"\t\t<div data-elementor-type=\"wp-page\" data-elementor-id=\"5890\" class=\"elementor elementor-5890 elementor-10\">\n\t\t\t\t\t\t<div class=\" elementor-section elementor-top-section elementor-element elementor-element-9f56571 elementor-section-content-middle elementor-section-boxed elementor-section-height-default elementor-section-height-default\" data-id=\"9f56571\" data-element_type=\"section\" data-e-type=\"section\">\r\n\t\t\t\t\t\t\t\t<div class=\"elementor-container elementor-column-gap-default\">\r\n\t\t\t\t\r\n\t\t\t\t\t\t\t\t<div class=\" elementor-column elementor-col-50 elementor-top-column elementor-element elementor-element-819b6a2 \" data-id=\"819b6a2\" data-element_type=\"column\" data-e-type=\"column\">\r\n\r\n\t\t\t\t\r\n\t\t\t\t<div class=\"elementor-widget-wrap elementor-element-populated\">\r\n\t\t\t\t\t\t\t\t\t\t\r\n\t\t\t\t\t\t<div class=\"elementor-element elementor-element-d66d6f9 elementor-widget__width-initial elementor-invisible elementor-widget elementor-widget-udesign_widget_banner\" data-id=\"d66d6f9\" data-element_type=\"widget\" data-e-type=\"widget\" data-settings=\"{&quot;_animation&quot;:&quot;fadeInLeftShorter&quot;,&quot;_content_animation&quot;:&quot;none&quot;}\" data-widget_type=\"udesign_widget_banner.default\">\r\n\t\t\t\t\t<div class=\"banner banner-fixed\"><div class=\"banner-content t-m\"><h2 class=\"banner-item elementor-repeater-item-a82dc96 item-block text\">Pi\u0161ite nam<\/h2><p class=\"banner-item elementor-repeater-item-080f48a item-block text\">Stopi v stik z nami neposredno prek kontaktnega obrazca ali s po\u0161iljanjem e-po\u0161te na\u0161i ekipi. \nZ veseljem ti bomo pomagali pri kakr\u0161nih koli vpra\u0161anjih ali pomislekih.<\/p><h4 class=\"banner-item elementor-repeater-item-4566e95 item-block text\">Kontaktne informacije<\/h4><div class=\"banner-item elementor-repeater-item-02e96a7 custom-contact-info item-block text\"><\/div><div class=\"banner-item elementor-repeater-item-12d502a custom-contact-info item-block text\">E-naslov: <a href=\"mailto:support@italiadirect.net\">support@italiadirect.net<\/a><\/div><\/div><\/div>\t\t\t\t<\/div>\n\t\t\t\t\t\t<\/div>\r\n\t\t\t\t<\/div>\r\n\t\t\t\t\t\t\t\t\t<div class=\" elementor-column elementor-col-50 elementor-top-column elementor-element elementor-element-ab55fdf \" data-id=\"ab55fdf\" data-element_type=\"column\" data-e-type=\"column\">\r\n\r\n\t\t\t\t\r\n\t\t\t\t<div class=\"elementor-widget-wrap elementor-element-populated\">\r\n\t\t\t\t\t\t\t\t\t\t\r\n\t\t\t\t\t\t<div class=\"elementor-element elementor-element-2e406aa custom-form elementor-invisible elementor-widget elementor-widget-wpforms\" data-id=\"2e406aa\" data-element_type=\"widget\" data-e-type=\"widget\" data-settings=\"{&quot;_animation&quot;:&quot;fadeInRightShorter&quot;}\" data-widget_type=\"wpforms.default\">\n\t\t\t\t\t<style id=\"wpforms-css-vars-root\">\n\t\t\t\t:root {\n\t\t\t\t--wpforms-field-border-radius: 3px;\n--wpforms-field-border-style: solid;\n--wpforms-field-border-size: 1px;\n--wpforms-field-background-color: #ffffff;\n--wpforms-field-border-color: rgba( 0, 0, 0, 0.25 );\n--wpforms-field-border-color-spare: rgba( 0, 0, 0, 0.25 );\n--wpforms-field-text-color: rgba( 0, 0, 0, 0.7 );\n--wpforms-field-menu-color: #ffffff;\n--wpforms-label-color: rgba( 0, 0, 0, 0.85 );\n--wpforms-label-sublabel-color: rgba( 0, 0, 0, 0.55 );\n--wpforms-label-error-color: #d63637;\n--wpforms-button-border-radius: 3px;\n--wpforms-button-border-style: none;\n--wpforms-button-border-size: 1px;\n--wpforms-button-background-color: #066aab;\n--wpforms-button-border-color: #066aab;\n--wpforms-button-text-color: #ffffff;\n--wpforms-page-break-color: #066aab;\n--wpforms-background-image: none;\n--wpforms-background-position: center center;\n--wpforms-background-repeat: no-repeat;\n--wpforms-background-size: cover;\n--wpforms-background-width: 100px;\n--wpforms-background-height: 100px;\n--wpforms-background-color: rgba( 0, 0, 0, 0 );\n--wpforms-background-url: none;\n--wpforms-container-padding: 0px;\n--wpforms-container-border-style: none;\n--wpforms-container-border-width: 1px;\n--wpforms-container-border-color: #000000;\n--wpforms-container-border-radius: 3px;\n--wpforms-field-size-input-height: 43px;\n--wpforms-field-size-input-spacing: 15px;\n--wpforms-field-size-font-size: 16px;\n--wpforms-field-size-line-height: 19px;\n--wpforms-field-size-padding-h: 14px;\n--wpforms-field-size-checkbox-size: 16px;\n--wpforms-field-size-sublabel-spacing: 5px;\n--wpforms-field-size-icon-size: 1;\n--wpforms-label-size-font-size: 16px;\n--wpforms-label-size-line-height: 19px;\n--wpforms-label-size-sublabel-font-size: 14px;\n--wpforms-label-size-sublabel-line-height: 17px;\n--wpforms-button-size-font-size: 17px;\n--wpforms-button-size-height: 41px;\n--wpforms-button-size-padding-h: 15px;\n--wpforms-button-size-margin-top: 10px;\n--wpforms-container-shadow-size-box-shadow: none;\n\t\t\t}\n\t\t\t<\/style><div class=\"wpforms-container wpforms-container-full wpforms-error-fixed wpforms-render-modern\" id=\"wpforms-941\"><form id=\"wpforms-form-941\" class=\"wpforms-validate wpforms-form\" data-formid=\"941\" method=\"post\" enctype=\"multipart\/form-data\" action=\"\/sl\/wp-json\/wp\/v2\/pages\/5890\" data-token=\"a2ccab4354ff101aa228f1cafd23e4e7\" data-token-time=\"1777457720\"><noscript class=\"wpforms-error-noscript\">Please enable JavaScript in your browser to complete this form.<\/noscript><div id=\"wpforms-error-noscript\" style=\"display: none;\">Please enable JavaScript in your browser to complete this form.<\/div><div class=\"wpforms-field-container\"><div id=\"wpforms-941-field_0-container\" class=\"wpforms-field wpforms-field-name\" data-field-id=\"0\"><input type=\"text\" id=\"wpforms-941-field_0\" class=\"wpforms-field-large wpforms-field-required\" name=\"wpforms[fields][0]\" placeholder=\"Va\u0161e ime\" aria-errormessage=\"wpforms-941-field_0-error\" required><\/div>\t\t<div id=\"wpforms-941-field_2-container\"\n\t\t\tclass=\"wpforms-field wpforms-field-text\"\n\t\t\tdata-field-type=\"text\"\n\t\t\tdata-field-id=\"2\"\n\t\t\t>\n\t\t\t<label class=\"wpforms-field-label\" for=\"wpforms-941-field_2\" ><\/label>\n\t\t\t<input type=\"text\" id=\"wpforms-941-field_2\" class=\"wpforms-field-medium\" name=\"wpforms[fields][2]\" >\n\t\t<\/div>\n\t\t<div id=\"wpforms-941-field_1-container\" class=\"wpforms-field wpforms-field-email\" data-field-id=\"1\"><input type=\"email\" id=\"wpforms-941-field_1\" class=\"wpforms-field-large wpforms-field-required\" name=\"wpforms[fields][1]\" placeholder=\"Va\u0161 e-po\u0161tni naslov\" spellcheck=\"false\" aria-errormessage=\"wpforms-941-field_1-error\" required><\/div><div id=\"wpforms-941-field_4-container\" class=\"wpforms-field wpforms-field-textarea\" data-field-id=\"4\"><textarea id=\"wpforms-941-field_4\" class=\"wpforms-field-medium\" name=\"wpforms[fields][4]\" placeholder=\"Va\u0161e pripombe\" aria-errormessage=\"wpforms-941-field_4-error\" ><\/textarea><\/div><script>\n\t\t\t\t( function() {\n\t\t\t\t\tconst style = document.createElement( 'style' );\n\t\t\t\t\tstyle.appendChild( document.createTextNode( '#wpforms-941-field_2-container { position: absolute !important; overflow: hidden !important; display: inline !important; height: 1px !important; width: 1px !important; z-index: -1000 !important; padding: 0 !important; } #wpforms-941-field_2-container input { visibility: hidden; } #wpforms-conversational-form-page #wpforms-941-field_2-container label { counter-increment: none; }' ) );\n\t\t\t\t\tdocument.head.appendChild( style );\n\t\t\t\t\tdocument.currentScript?.remove();\n\t\t\t\t} )();\n\t\t\t<\/script><\/div><!-- .wpforms-field-container --><div class=\"wpforms-recaptcha-container wpforms-is-hcaptcha\" ><div class=\"h-captcha\" data-sitekey=\"4ad06010-5e78-4202-8b76-51e2c73e6880\"><\/div><input type=\"text\" name=\"g-recaptcha-hidden\" class=\"wpforms-recaptcha-hidden\" style=\"position:absolute!important;clip:rect(0,0,0,0)!important;height:1px!important;width:1px!important;border:0!important;overflow:hidden!important;padding:0!important;margin:0!important;\" data-rule-hcaptcha=\"1\"><\/div><div class=\"wpforms-submit-container\" ><input type=\"hidden\" name=\"wpforms[id]\" value=\"941\"><input type=\"hidden\" name=\"page_title\" value=\"\"><input type=\"hidden\" name=\"page_url\" value=\"https:\/\/www.italiadirect.net\/sl\/wp-json\/wp\/v2\/pages\/5890\"><input type=\"hidden\" name=\"url_referer\" value=\"\"><button type=\"submit\" name=\"wpforms[submit]\" class=\"wpforms-submit btn btn-icon btn-icon-right w-100 wpforms-submit-icon\" data-alt-text=\"Po\u0161iljanje...\" data-submit-text=\"&lt;span &gt;Po\u0161lji sporo\u010dilo&lt;\/span&gt;\" aria-live=\"assertive\" value=\"wpforms-submit\"><span >Po\u0161lji sporo\u010dilo<\/span><\/button><button type=\"submit\" name=\"wpforms[submit]\" id=\"wpforms-submit-941\" class=\"wpforms-submit w-100 wpforms-submit-icon\" data-alt-text=\"Po\u0161iljanje...\" data-submit-text=\"Po\u0161lji sporo\u010dilo\" aria-live=\"assertive\" value=\"wpforms-submit\">Po\u0161lji sporo\u010dilo<\/button><\/div><\/form><\/div>  <!-- .wpforms-container -->\t\t\t\t<\/div>\n\t\t\t\t\t\t<\/div>\r\n\t\t\t\t<\/div>\r\n\t\t\t\t\t\t\t\t<\/div>\r\n\t\t\t<\/div>\r\n\t\t\t\t\t\t<div class=\" elementor-element elementor-element-7642f13 e-flex e-con-boxed e-con e-parent\" data-id=\"7642f13\" data-element_type=\"container\" data-e-type=\"container\">\r\n\t\t\t\t\t\t\t<div class=\"e-con-inner\">\r\n\t\t\t\t\t\t<div class=\"elementor-element elementor-element-82a3161 elementor-widget-divider--view-line elementor-widget elementor-widget-divider\" data-id=\"82a3161\" data-element_type=\"widget\" data-e-type=\"widget\" data-widget_type=\"divider.default\">\n\t\t\t\t\t\t\t<div class=\"elementor-divider\">\n\t\t\t<span class=\"elementor-divider-separator\">\n\t\t\t\t\t\t<\/span>\n\t\t<\/div>\n\t\t\t\t\t\t<\/div>\n\t\t\t\t\t\t<\/div>\r\n\t\t\t\t\r\n\t\t\t<\/div>\r\n\t\t\t\t\t<\/div>\n\t\t","protected":false},"excerpt":{"rendered":"<p>Pi\u0161ite nam Stopi v stik z nami neposredno prek kontaktnega obrazca ali s po\u0161iljanjem e-po\u0161te na\u0161i ekipi. Z veseljem ti bomo pomagali pri kakr\u0161nih koli vpra\u0161anjih ali pomislekih. Kontaktne informacije E-naslov: support@italiadirect.net<\/p>\n","protected":false},"author":1,"featured_media":0,"parent":0,"menu_order":0,"comment_status":"closed","ping_status":"closed","template":"","meta":{"_acf_changed":false,"footnotes":""},"class_list":["post-5890","page","type-page","status-publish","hentry"],"acf":[],"yoast_head":"<!-- This site is optimized with the Yoast SEO plugin v27.2 - https:\/\/yoast.com\/product\/yoast-seo-wordpress\/ -->\n<title>Pi\u0161ite nam | Italia Direct<\/title>\n<meta name=\"description\" content=\"Stopite v stik z ItaliaDirect za pomo\u010d pri po\u0161iljanju paketov iz Italije v Hrva\u0161ko. Email, Viber, Telegram, WhatsApp.\" \/>\n<meta name=\"robots\" content=\"index, follow, max-snippet:-1, max-image-preview:large, max-video-preview:-1\" \/>\n<link rel=\"canonical\" href=\"https:\/\/www.italiadirect.net\/sl\/pisite-nam\/\" \/>\n<meta property=\"og:locale\" content=\"sl_SI\" \/>\n<meta property=\"og:type\" content=\"article\" \/>\n<meta property=\"og:title\" content=\"Pi\u0161ite nam | Italia Direct\" \/>\n<meta property=\"og:description\" content=\"Stopite v stik z ItaliaDirect za pomo\u010d pri po\u0161iljanju paketov iz Italije v Hrva\u0161ko. Email, Viber, Telegram, WhatsApp.\" \/>\n<meta property=\"og:url\" content=\"https:\/\/www.italiadirect.net\/sl\/pisite-nam\/\" \/>\n<meta property=\"og:site_name\" content=\"Italia Direct\" \/>\n<meta property=\"article:modified_time\" content=\"2026-03-07T20:25:57+00:00\" \/>\n<meta name=\"twitter:card\" content=\"summary_large_image\" \/>\n<meta name=\"twitter:label1\" content=\"Est. reading time\" \/>\n\t<meta name=\"twitter:data1\" content=\"1 minuta\" \/>\n<script type=\"application\/ld+json\" class=\"yoast-schema-graph\">{\"@context\":\"https:\/\/schema.org\",\"@graph\":[{\"@type\":\"WebPage\",\"@id\":\"https:\/\/www.italiadirect.net\/sl\/pisite-nam\/\",\"url\":\"https:\/\/www.italiadirect.net\/sl\/pisite-nam\/\",\"name\":\"Pi\u0161ite nam | Italia Direct\",\"isPartOf\":{\"@id\":\"https:\/\/www.italiadirect.net\/sl\/#website\"},\"datePublished\":\"2021-09-26T03:40:43+00:00\",\"dateModified\":\"2026-03-07T20:25:57+00:00\",\"description\":\"Stopite v stik z ItaliaDirect za pomo\u010d pri po\u0161iljanju paketov iz Italije v Hrva\u0161ko. Email, Viber, Telegram, WhatsApp.\",\"breadcrumb\":{\"@id\":\"https:\/\/www.italiadirect.net\/sl\/pisite-nam\/#breadcrumb\"},\"inLanguage\":\"sl-SI\",\"potentialAction\":[{\"@type\":\"ReadAction\",\"target\":[\"https:\/\/www.italiadirect.net\/sl\/pisite-nam\/\"]}]},{\"@type\":\"BreadcrumbList\",\"@id\":\"https:\/\/www.italiadirect.net\/sl\/pisite-nam\/#breadcrumb\",\"itemListElement\":[{\"@type\":\"ListItem\",\"position\":1,\"name\":\"Home\",\"item\":\"https:\/\/www.italiadirect.net\/sl\/domov\/\"},{\"@type\":\"ListItem\",\"position\":2,\"name\":\"Pi\u0161ite nam\"}]},{\"@type\":\"WebSite\",\"@id\":\"https:\/\/www.italiadirect.net\/sl\/#website\",\"url\":\"https:\/\/www.italiadirect.net\/sl\/\",\"name\":\"ItaliaDirect\",\"description\":\"Va\u0161 neposreden po\u0161iljatelj paketov iz Italije v Hrva\u0161ko\",\"publisher\":{\"@id\":\"https:\/\/www.italiadirect.net\/sl\/#organization\"},\"potentialAction\":[{\"@type\":\"SearchAction\",\"target\":{\"@type\":\"EntryPoint\",\"urlTemplate\":\"https:\/\/www.italiadirect.net\/sl\/?s={search_term_string}\"},\"query-input\":{\"@type\":\"PropertyValueSpecification\",\"valueRequired\":true,\"valueName\":\"search_term_string\"}}],\"inLanguage\":\"sl-SI\"},{\"@type\":\"Organization\",\"@id\":\"https:\/\/www.italiadirect.net\/sl\/#organization\",\"name\":\"ItaliaDirect\",\"url\":\"https:\/\/www.italiadirect.net\/sl\/\",\"logo\":{\"@type\":\"ImageObject\",\"inLanguage\":\"sl-SI\",\"@id\":\"https:\/\/www.italiadirect.net\/sl\/#\/schema\/logo\/image\/\",\"url\":\"https:\/\/www.italiadirect.net\/wp-content\/uploads\/2026\/02\/Italia-Direct-Main-Logo-800x600-1.jpg\",\"contentUrl\":\"https:\/\/www.italiadirect.net\/wp-content\/uploads\/2026\/02\/Italia-Direct-Main-Logo-800x600-1.jpg\",\"width\":800,\"height\":600,\"caption\":\"ItaliaDirect\"},\"image\":{\"@id\":\"https:\/\/www.italiadirect.net\/sl\/#\/schema\/logo\/image\/\"},\"sameAs\":[\"https:\/\/www.instagram.com\/_italiadirect\/\"]}]}<\/script>\n<!-- \/ Yoast SEO plugin. -->","yoast_head_json":{"title":"Pi\u0161ite nam | Italia Direct","description":"Stopite v stik z ItaliaDirect za pomo\u010d pri po\u0161iljanju paketov iz Italije v Hrva\u0161ko. Email, Viber, Telegram, WhatsApp.","robots":{"index":"index","follow":"follow","max-snippet":"max-snippet:-1","max-image-preview":"max-image-preview:large","max-video-preview":"max-video-preview:-1"},"canonical":"https:\/\/www.italiadirect.net\/sl\/pisite-nam\/","og_locale":"sl_SI","og_type":"article","og_title":"Pi\u0161ite nam | Italia Direct","og_description":"Stopite v stik z ItaliaDirect za pomo\u010d pri po\u0161iljanju paketov iz Italije v Hrva\u0161ko. Email, Viber, Telegram, WhatsApp.","og_url":"https:\/\/www.italiadirect.net\/sl\/pisite-nam\/","og_site_name":"Italia Direct","article_modified_time":"2026-03-07T20:25:57+00:00","twitter_card":"summary_large_image","twitter_misc":{"Est. reading time":"1 minuta"},"schema":{"@context":"https:\/\/schema.org","@graph":[{"@type":"WebPage","@id":"https:\/\/www.italiadirect.net\/sl\/pisite-nam\/","url":"https:\/\/www.italiadirect.net\/sl\/pisite-nam\/","name":"Pi\u0161ite nam | Italia Direct","isPartOf":{"@id":"https:\/\/www.italiadirect.net\/sl\/#website"},"datePublished":"2021-09-26T03:40:43+00:00","dateModified":"2026-03-07T20:25:57+00:00","description":"Stopite v stik z ItaliaDirect za pomo\u010d pri po\u0161iljanju paketov iz Italije v Hrva\u0161ko. Email, Viber, Telegram, WhatsApp.","breadcrumb":{"@id":"https:\/\/www.italiadirect.net\/sl\/pisite-nam\/#breadcrumb"},"inLanguage":"sl-SI","potentialAction":[{"@type":"ReadAction","target":["https:\/\/www.italiadirect.net\/sl\/pisite-nam\/"]}]},{"@type":"BreadcrumbList","@id":"https:\/\/www.italiadirect.net\/sl\/pisite-nam\/#breadcrumb","itemListElement":[{"@type":"ListItem","position":1,"name":"Home","item":"https:\/\/www.italiadirect.net\/sl\/domov\/"},{"@type":"ListItem","position":2,"name":"Pi\u0161ite nam"}]},{"@type":"WebSite","@id":"https:\/\/www.italiadirect.net\/sl\/#website","url":"https:\/\/www.italiadirect.net\/sl\/","name":"ItaliaDirect","description":"Va\u0161 neposreden po\u0161iljatelj paketov iz Italije v Hrva\u0161ko","publisher":{"@id":"https:\/\/www.italiadirect.net\/sl\/#organization"},"potentialAction":[{"@type":"SearchAction","target":{"@type":"EntryPoint","urlTemplate":"https:\/\/www.italiadirect.net\/sl\/?s={search_term_string}"},"query-input":{"@type":"PropertyValueSpecification","valueRequired":true,"valueName":"search_term_string"}}],"inLanguage":"sl-SI"},{"@type":"Organization","@id":"https:\/\/www.italiadirect.net\/sl\/#organization","name":"ItaliaDirect","url":"https:\/\/www.italiadirect.net\/sl\/","logo":{"@type":"ImageObject","inLanguage":"sl-SI","@id":"https:\/\/www.italiadirect.net\/sl\/#\/schema\/logo\/image\/","url":"https:\/\/www.italiadirect.net\/wp-content\/uploads\/2026\/02\/Italia-Direct-Main-Logo-800x600-1.jpg","contentUrl":"https:\/\/www.italiadirect.net\/wp-content\/uploads\/2026\/02\/Italia-Direct-Main-Logo-800x600-1.jpg","width":800,"height":600,"caption":"ItaliaDirect"},"image":{"@id":"https:\/\/www.italiadirect.net\/sl\/#\/schema\/logo\/image\/"},"sameAs":["https:\/\/www.instagram.com\/_italiadirect\/"]}]}},"_links":{"self":[{"href":"https:\/\/www.italiadirect.net\/sl\/wp-json\/wp\/v2\/pages\/5890","targetHints":{"allow":["GET"]}}],"collection":[{"href":"https:\/\/www.italiadirect.net\/sl\/wp-json\/wp\/v2\/pages"}],"about":[{"href":"https:\/\/www.italiadirect.net\/sl\/wp-json\/wp\/v2\/types\/page"}],"author":[{"embeddable":true,"href":"https:\/\/www.italiadirect.net\/sl\/wp-json\/wp\/v2\/users\/1"}],"replies":[{"embeddable":true,"href":"https:\/\/www.italiadirect.net\/sl\/wp-json\/wp\/v2\/comments?post=5890"}],"version-history":[{"count":2,"href":"https:\/\/www.italiadirect.net\/sl\/wp-json\/wp\/v2\/pages\/5890\/revisions"}],"predecessor-version":[{"id":8752,"href":"https:\/\/www.italiadirect.net\/sl\/wp-json\/wp\/v2\/pages\/5890\/revisions\/8752"}],"wp:attachment":[{"href":"https:\/\/www.italiadirect.net\/sl\/wp-json\/wp\/v2\/media?parent=5890"}],"curies":[{"name":"wp","href":"https:\/\/api.w.org\/{rel}","templated":true}]}}